{"id":2126,"date":"2025-01-21T07:21:33","date_gmt":"2025-01-21T07:21:33","guid":{"rendered":"https:\/\/lzt.cr\/?page_id=2126"},"modified":"2025-04-15T11:18:39","modified_gmt":"2025-04-15T11:18:39","slug":"lzt-b5m-b25m","status":"publish","type":"page","link":"https:\/\/lzt.cr\/en\/lzt-b5m-b25m\/","title":{"rendered":"LZT B5M &#8211; B25M"},"content":{"rendered":"<div data-elementor-type=\"wp-page\" data-elementor-id=\"2126\" class=\"elementor elementor-2126\">\n\t\t\t\t<div class=\"elementor-element elementor-element-023cd28 e-flex e-con-boxed e-con e-parent\" data-id=\"023cd28\" data-element_type=\"container\" data-settings=\"{&quot;background_background&quot;:&quot;classic&quot;}\">\n\t\t\t\t\t<div class=\"e-con-inner\">\n\t\t\t\t<div class=\"elementor-element elementor-element-5974fb5 elementor-widget elementor-widget-heading\" data-id=\"5974fb5\" data-element_type=\"widget\" data-widget_type=\"heading.default\">\n\t\t\t\t<div class=\"elementor-widget-container\">\n\t\t\t\t\t<h2 class=\"elementor-heading-title elementor-size-default\">B5-M \u2013 B25-M<\/h2>\t\t\t\t<\/div>\n\t\t\t\t<\/div>\n\t\t\t\t<div class=\"elementor-element elementor-element-d035cc5 elementor-widget elementor-widget-heading\" data-id=\"d035cc5\" data-element_type=\"widget\" data-widget_type=\"heading.default\">\n\t\t\t\t<div class=\"elementor-widget-container\">\n\t\t\t\t\t<h2 class=\"elementor-heading-title elementor-size-default\">WASTEWATER TREATMENT PLANT<\/h2>\t\t\t\t<\/div>\n\t\t\t\t<\/div>\n\t\t\t\t\t<\/div>\n\t\t\t\t<\/div>\n\t\t<div class=\"elementor-element elementor-element-81a9dce e-flex e-con-boxed e-con e-parent\" data-id=\"81a9dce\" data-element_type=\"container\">\n\t\t\t\t\t<div class=\"e-con-inner\">\n\t\t<div class=\"elementor-element elementor-element-2d553b1 e-con-full e-flex e-con e-child\" data-id=\"2d553b1\" data-element_type=\"container\">\n\t\t\t\t<div class=\"elementor-element elementor-element-6f98926 elementor-widget elementor-widget-video\" data-id=\"6f98926\" data-element_type=\"widget\" data-settings=\"{&quot;video_type&quot;:&quot;hosted&quot;,&quot;autoplay&quot;:&quot;yes&quot;,&quot;loop&quot;:&quot;yes&quot;}\" data-widget_type=\"video.default\">\n\t\t\t\t<div class=\"elementor-widget-container\">\n\t\t\t\t\t\t\t<div class=\"e-hosted-video elementor-wrapper elementor-open-inline\">\n\t\t\t\t\t<video class=\"elementor-video\" src=\"https:\/\/lzt.cr\/wp-content\/uploads\/2025\/01\/WhatsApp-Video-2025-01-20-at-14.12.50.mp4\" autoplay=\"\" loop=\"\" controlslist=\"nodownload\"><\/video>\n\t\t\t\t<\/div>\n\t\t\t\t\t\t<\/div>\n\t\t\t\t<\/div>\n\t\t\t\t<\/div>\n\t\t\t\t\t<\/div>\n\t\t\t\t<\/div>\n\t\t<div class=\"elementor-element elementor-element-b6cb6e1 e-flex e-con-boxed e-con e-parent\" data-id=\"b6cb6e1\" data-element_type=\"container\">\n\t\t\t\t\t<div class=\"e-con-inner\">\n\t\t\t\t<div class=\"elementor-element elementor-element-945a0ca elementor-widget elementor-widget-heading\" data-id=\"945a0ca\" data-element_type=\"widget\" data-widget_type=\"heading.default\">\n\t\t\t\t<div class=\"elementor-widget-container\">\n\t\t\t\t\t<h2 class=\"elementor-heading-title elementor-size-default\">Device range: suitable for homes small and large communities<\/h2>\t\t\t\t<\/div>\n\t\t\t\t<\/div>\n\t\t\t\t\t<\/div>\n\t\t\t\t<\/div>\n\t\t<div class=\"elementor-element elementor-element-32f38d4 e-flex e-con-boxed e-con e-parent\" data-id=\"32f38d4\" data-element_type=\"container\">\n\t\t\t\t\t<div class=\"e-con-inner\">\n\t\t\t\t<div class=\"elementor-element elementor-element-1930767 elementor-widget elementor-widget-text-editor\" data-id=\"1930767\" data-element_type=\"widget\" data-widget_type=\"text-editor.default\">\n\t\t\t\t<div class=\"elementor-widget-container\">\n\t\t\t\t\t\t\t\t\t<p>The LZT B5-M \u2013 B20-M water treatment plants are an excellent solution for most small households, larger communities, or apartment complexes. These devices are also ideally suited for commercial and administrative buildings.<\/p><p>The *<b>B-M model series<\/b>* it has a conical transition from the standard to the smaller diameter of the cap. Due to this additional cone, these devices are higher, that is, the input is more profound than in the standard B models. This design makes them particularly suitable for installation in small plots of land.<\/p><p>The *<b>LZT B5-M \u2013 B20-M<\/b>* systems come with a *<b>10-year warranty, while the air pump is covered by a **2-year warranty<\/b>*.<\/p>\t\t\t\t\t\t\t\t<\/div>\n\t\t\t\t<\/div>\n\t\t\t\t<div class=\"elementor-element elementor-element-73dfadb elementor-align-center elementor-widget elementor-widget-button\" data-id=\"73dfadb\" data-element_type=\"widget\" data-widget_type=\"button.default\">\n\t\t\t\t<div class=\"elementor-widget-container\">\n\t\t\t\t\t\t\t\t\t<div class=\"elementor-button-wrapper\">\n\t\t\t\t\t<a class=\"elementor-button elementor-button-link elementor-size-sm\" href=\"https:\/\/lzt.cr\/en\/contact\/\">\n\t\t\t\t\t\t<span class=\"elementor-button-content-wrapper\">\n\t\t\t\t\t\t\t\t\t<span class=\"elementor-button-text\">Contact us<\/span>\n\t\t\t\t\t<\/span>\n\t\t\t\t\t<\/a>\n\t\t\t\t<\/div>\n\t\t\t\t\t\t\t\t<\/div>\n\t\t\t\t<\/div>\n\t\t\t\t\t<\/div>\n\t\t\t\t<\/div>\n\t\t<div class=\"elementor-element elementor-element-70e85cef e-flex e-con-boxed e-con e-parent\" data-id=\"70e85cef\" data-element_type=\"container\" data-settings=\"{&quot;background_background&quot;:&quot;classic&quot;}\">\n\t\t\t\t\t<div class=\"e-con-inner\">\n\t\t<div class=\"elementor-element elementor-element-51b05c6d e-flex e-con-boxed e-con e-child\" data-id=\"51b05c6d\" data-element_type=\"container\">\n\t\t\t\t\t<div class=\"e-con-inner\">\n\t\t<div class=\"elementor-element elementor-element-54603f30 e-con-full e-flex e-con e-child\" data-id=\"54603f30\" data-element_type=\"container\">\n\t\t\t\t<div class=\"elementor-element elementor-element-404904d4 elementor-widget elementor-widget-text-editor\" data-id=\"404904d4\" data-element_type=\"widget\" data-widget_type=\"text-editor.default\">\n\t\t\t\t<div class=\"elementor-widget-container\">\n\t\t\t\t\t\t\t\t\t<p><strong>LZT B5-M-B25-M<\/strong><\/p>\t\t\t\t\t\t\t\t<\/div>\n\t\t\t\t<\/div>\n\t\t\t\t<div class=\"elementor-element elementor-element-7a5cbf62 elementor-widget__width-initial elementor-widget elementor-widget-heading\" data-id=\"7a5cbf62\" data-element_type=\"widget\" data-widget_type=\"heading.default\">\n\t\t\t\t<div class=\"elementor-widget-container\">\n\t\t\t\t\t<h2 class=\"elementor-heading-title elementor-size-default\">Key benefits of the Treatment Process:<\/h2>\t\t\t\t<\/div>\n\t\t\t\t<\/div>\n\t\t\t\t<div class=\"elementor-element elementor-element-f7a6df3 elementor-widget elementor-widget-button\" data-id=\"f7a6df3\" data-element_type=\"widget\" data-widget_type=\"button.default\">\n\t\t\t\t<div class=\"elementor-widget-container\">\n\t\t\t\t\t\t\t\t\t<div class=\"elementor-button-wrapper\">\n\t\t\t\t\t<a class=\"elementor-button elementor-button-link elementor-size-sm\" href=\"https:\/\/lzt.cr\/en\/contact\/\">\n\t\t\t\t\t\t<span class=\"elementor-button-content-wrapper\">\n\t\t\t\t\t\t\t\t\t<span class=\"elementor-button-text\">Contact us<\/span>\n\t\t\t\t\t<\/span>\n\t\t\t\t\t<\/a>\n\t\t\t\t<\/div>\n\t\t\t\t\t\t\t\t<\/div>\n\t\t\t\t<\/div>\n\t\t\t\t<\/div>\n\t\t<div class=\"elementor-element elementor-element-63c83c55 e-con-full e-flex e-con e-child\" data-id=\"63c83c55\" data-element_type=\"container\">\n\t\t<div class=\"elementor-element elementor-element-351c6d9c e-con-full e-flex e-con e-child\" data-id=\"351c6d9c\" data-element_type=\"container\">\n\t\t<div class=\"elementor-element elementor-element-79eae43 e-con-full e-flex e-con e-child\" data-id=\"79eae43\" data-element_type=\"container\" data-settings=\"{&quot;background_background&quot;:&quot;classic&quot;}\">\n\t\t\t\t<div class=\"elementor-element elementor-element-71ca3e46 elementor-widget elementor-widget-image\" data-id=\"71ca3e46\" data-element_type=\"widget\" data-widget_type=\"image.default\">\n\t\t\t\t<div class=\"elementor-widget-container\">\n\t\t\t\t\t\t\t\t\t\t\t\t\t\t\t<img decoding=\"async\" src=\"https:\/\/lzt.cr\/wp-content\/uploads\/elementor\/thumbs\/eko-logo-r06nch94lr4rczabgagqrny0q2ddu99wx3krwci5ig.jpeg\" title=\"eko logo\" alt=\"eko logo\" loading=\"lazy\" \/>\t\t\t\t\t\t\t\t\t\t\t\t\t\t\t<\/div>\n\t\t\t\t<\/div>\n\t\t\t\t<div class=\"elementor-element elementor-element-412962ef elementor-widget elementor-widget-heading\" data-id=\"412962ef\" data-element_type=\"widget\" data-widget_type=\"heading.default\">\n\t\t\t\t<div class=\"elementor-widget-container\">\n\t\t\t\t\t<h5 class=\"elementor-heading-title elementor-size-default\">Effective Cleaning<\/h5>\t\t\t\t<\/div>\n\t\t\t\t<\/div>\n\t\t\t\t<div class=\"elementor-element elementor-element-41e36a2f elementor-widget elementor-widget-text-editor\" data-id=\"41e36a2f\" data-element_type=\"widget\" data-widget_type=\"text-editor.default\">\n\t\t\t\t<div class=\"elementor-widget-container\">\n\t\t\t\t\t\t\t\t\t<p>It eliminates harmful substances,<br \/>ensure the safety of the wastewater.<\/p>\t\t\t\t\t\t\t\t<\/div>\n\t\t\t\t<\/div>\n\t\t\t\t<\/div>\n\t\t<div class=\"elementor-element elementor-element-d186990 e-con-full e-flex e-con e-child\" data-id=\"d186990\" data-element_type=\"container\" data-settings=\"{&quot;background_background&quot;:&quot;classic&quot;}\">\n\t\t\t\t<div class=\"elementor-element elementor-element-56596d83 elementor-widget elementor-widget-image\" data-id=\"56596d83\" data-element_type=\"widget\" data-widget_type=\"image.default\">\n\t\t\t\t<div class=\"elementor-widget-container\">\n\t\t\t\t\t\t\t\t\t\t\t\t\t\t\t<img decoding=\"async\" src=\"https:\/\/lzt.cr\/wp-content\/uploads\/elementor\/thumbs\/namo-logo-r06nch94uiw1okx2c2mz6vpoxj7pklx23ght4mllio.jpeg\" title=\"namo logo\" alt=\"namo logo\" loading=\"lazy\" \/>\t\t\t\t\t\t\t\t\t\t\t\t\t\t\t<\/div>\n\t\t\t\t<\/div>\n\t\t\t\t<div class=\"elementor-element elementor-element-3f54f531 elementor-widget elementor-widget-heading\" data-id=\"3f54f531\" data-element_type=\"widget\" data-widget_type=\"heading.default\">\n\t\t\t\t<div class=\"elementor-widget-container\">\n\t\t\t\t\t<h5 class=\"elementor-heading-title elementor-size-default\">Eco-Friendly<\/h5>\t\t\t\t<\/div>\n\t\t\t\t<\/div>\n\t\t\t\t<div class=\"elementor-element elementor-element-dfc08ca elementor-widget elementor-widget-text-editor\" data-id=\"dfc08ca\" data-element_type=\"widget\" data-widget_type=\"text-editor.default\">\n\t\t\t\t<div class=\"elementor-widget-container\">\n\t\t\t\t\t\t\t\t\t<p>Supports environmental protection and sustainability.<\/p>\t\t\t\t\t\t\t\t<\/div>\n\t\t\t\t<\/div>\n\t\t\t\t<\/div>\n\t\t\t\t<\/div>\n\t\t\t\t<\/div>\n\t\t<div class=\"elementor-element elementor-element-1ccb7c72 e-con-full e-flex e-con e-child\" data-id=\"1ccb7c72\" data-element_type=\"container\">\n\t\t<div class=\"elementor-element elementor-element-7d1451c3 e-con-full e-flex e-con e-child\" data-id=\"7d1451c3\" data-element_type=\"container\">\n\t\t<div class=\"elementor-element elementor-element-4ea03ed e-con-full e-flex e-con e-child\" data-id=\"4ea03ed\" data-element_type=\"container\" data-settings=\"{&quot;background_background&quot;:&quot;classic&quot;}\">\n\t\t\t\t<div class=\"elementor-element elementor-element-56b24d1f elementor-widget elementor-widget-image\" data-id=\"56b24d1f\" data-element_type=\"widget\" data-widget_type=\"image.default\">\n\t\t\t\t<div class=\"elementor-widget-container\">\n\t\t\t\t\t\t\t\t\t\t\t\t\t\t\t<img decoding=\"async\" src=\"https:\/\/lzt.cr\/wp-content\/uploads\/elementor\/thumbs\/kainos-logo-r06nch94lr4ten0qvwbzmdj0rg7syuh16g4k3n5nf0.jpeg\" title=\"kainos logo\" alt=\"kainos logo\" loading=\"lazy\" \/>\t\t\t\t\t\t\t\t\t\t\t\t\t\t\t<\/div>\n\t\t\t\t<\/div>\n\t\t\t\t<div class=\"elementor-element elementor-element-3b47a4db elementor-widget elementor-widget-heading\" data-id=\"3b47a4db\" data-element_type=\"widget\" data-widget_type=\"heading.default\">\n\t\t\t\t<div class=\"elementor-widget-container\">\n\t\t\t\t\t<h5 class=\"elementor-heading-title elementor-size-default\">Advanced Nutrient Removal<\/h5>\t\t\t\t<\/div>\n\t\t\t\t<\/div>\n\t\t\t\t<div class=\"elementor-element elementor-element-420b2b5e elementor-widget elementor-widget-text-editor\" data-id=\"420b2b5e\" data-element_type=\"widget\" data-widget_type=\"text-editor.default\">\n\t\t\t\t<div class=\"elementor-widget-container\">\n\t\t\t\t\t\t\t\t\t<p>Exceeds the nitrogen and the phosphorus of the rules.<\/p>\t\t\t\t\t\t\t\t<\/div>\n\t\t\t\t<\/div>\n\t\t\t\t<\/div>\n\t\t<div class=\"elementor-element elementor-element-6d501579 e-con-full e-flex e-con e-child\" data-id=\"6d501579\" data-element_type=\"container\" data-settings=\"{&quot;background_background&quot;:&quot;classic&quot;}\">\n\t\t\t\t<div class=\"elementor-element elementor-element-338142c8 elementor-widget elementor-widget-image\" data-id=\"338142c8\" data-element_type=\"widget\" data-widget_type=\"image.default\">\n\t\t\t\t<div class=\"elementor-widget-container\">\n\t\t\t\t\t\t\t\t\t\t\t\t\t\t\t<img decoding=\"async\" src=\"https:\/\/lzt.cr\/wp-content\/uploads\/elementor\/thumbs\/logo-lengvas-montavimas-r06nch94uiw5rwdx7adgwavp0awjtsbam5ldj7wlbs.jpeg\" title=\"logo lengvas montavimas\" alt=\"logo lengvas montavimas\" loading=\"lazy\" \/>\t\t\t\t\t\t\t\t\t\t\t\t\t\t\t<\/div>\n\t\t\t\t<\/div>\n\t\t\t\t<div class=\"elementor-element elementor-element-6beb9215 elementor-widget elementor-widget-heading\" data-id=\"6beb9215\" data-element_type=\"widget\" data-widget_type=\"heading.default\">\n\t\t\t\t<div class=\"elementor-widget-container\">\n\t\t\t\t\t<h5 class=\"elementor-heading-title elementor-size-default\">Cost-Efficient<\/h5>\t\t\t\t<\/div>\n\t\t\t\t<\/div>\n\t\t\t\t<div class=\"elementor-element elementor-element-44e14285 elementor-widget elementor-widget-text-editor\" data-id=\"44e14285\" data-element_type=\"widget\" data-widget_type=\"text-editor.default\">\n\t\t\t\t<div class=\"elementor-widget-container\">\n\t\t\t\t\t\t\t\t\t<p>Reduces maintenance costs and operating expenses.<\/p>\t\t\t\t\t\t\t\t<\/div>\n\t\t\t\t<\/div>\n\t\t\t\t<\/div>\n\t\t\t\t<\/div>\n\t\t\t\t<\/div>\n\t\t\t\t\t<\/div>\n\t\t\t\t<\/div>\n\t\t\t\t<div class=\"elementor-element elementor-element-34c56bb elementor-widget elementor-widget-text-editor\" data-id=\"34c56bb\" data-element_type=\"widget\" data-widget_type=\"text-editor.default\">\n\t\t\t\t<div class=\"elementor-widget-container\">\n\t\t\t\t\t\t\t\t\t<h3>Warranty:<\/h3><p>LZT B5\u2013B50 devices come with a\u00a0<b>10-year warranty, while the air pump is covered by a warranty of 2 years<\/b>.<\/p>\t\t\t\t\t\t\t\t<\/div>\n\t\t\t\t<\/div>\n\t\t\t\t\t<\/div>\n\t\t\t\t<\/div>\n\t\t<div class=\"elementor-element elementor-element-6efe959 e-flex e-con-boxed e-con e-parent\" data-id=\"6efe959\" data-element_type=\"container\">\n\t\t\t\t\t<div class=\"e-con-inner\">\n\t\t<div class=\"elementor-element elementor-element-d26323f e-con-full e-flex e-con e-child\" data-id=\"d26323f\" data-element_type=\"container\">\n\t\t\t\t<div class=\"elementor-element elementor-element-b3ad084 elementor-widget elementor-widget-image\" data-id=\"b3ad084\" data-element_type=\"widget\" data-widget_type=\"image.default\">\n\t\t\t\t<div class=\"elementor-widget-container\">\n\t\t\t\t\t\t\t\t\t\t\t\t\t\t\t<img fetchpriority=\"high\" decoding=\"async\" width=\"1024\" height=\"824\" src=\"https:\/\/lzt.cr\/wp-content\/uploads\/2025\/01\/LZT-B5M-B25M-atnaujintas-e1737462867538-1024x824.png\" class=\"attachment-large size-large wp-image-1794\" alt=\"\" srcset=\"https:\/\/lzt.cr\/wp-content\/uploads\/2025\/01\/LZT-B5M-B25M-atnaujintas-e1737462867538-1024x824.png 1024w, https:\/\/lzt.cr\/wp-content\/uploads\/2025\/01\/LZT-B5M-B25M-atnaujintas-e1737462867538-300x241.png 300w, https:\/\/lzt.cr\/wp-content\/uploads\/2025\/01\/LZT-B5M-B25M-atnaujintas-e1737462867538-768x618.png 768w, https:\/\/lzt.cr\/wp-content\/uploads\/2025\/01\/LZT-B5M-B25M-atnaujintas-e1737462867538.png 1106w\" sizes=\"(max-width: 1024px) 100vw, 1024px\" \/>\t\t\t\t\t\t\t\t\t\t\t\t\t\t\t<\/div>\n\t\t\t\t<\/div>\n\t\t\t\t<\/div>\n\t\t<div class=\"elementor-element elementor-element-9b8c404 e-con-full e-flex e-con e-child\" data-id=\"9b8c404\" data-element_type=\"container\">\n\t\t\t\t<div class=\"elementor-element elementor-element-d924442 elementor-widget elementor-widget-image\" data-id=\"d924442\" data-element_type=\"widget\" data-widget_type=\"image.default\">\n\t\t\t\t<div class=\"elementor-widget-container\">\n\t\t\t\t\t\t\t\t\t\t\t\t\t\t\t<img decoding=\"async\" width=\"1024\" height=\"400\" src=\"https:\/\/lzt.cr\/wp-content\/uploads\/2025\/01\/LZT-B5M-B25M-atnaujintas-1-e1737462921777-apkarpytas.png\" class=\"attachment-large size-large wp-image-2299\" alt=\"\" srcset=\"https:\/\/lzt.cr\/wp-content\/uploads\/2025\/01\/LZT-B5M-B25M-atnaujintas-1-e1737462921777-apkarpytas.png 1024w, https:\/\/lzt.cr\/wp-content\/uploads\/2025\/01\/LZT-B5M-B25M-atnaujintas-1-e1737462921777-apkarpytas-300x117.png 300w, https:\/\/lzt.cr\/wp-content\/uploads\/2025\/01\/LZT-B5M-B25M-atnaujintas-1-e1737462921777-apkarpytas-768x300.png 768w\" sizes=\"(max-width: 1024px) 100vw, 1024px\" \/>\t\t\t\t\t\t\t\t\t\t\t\t\t\t\t<\/div>\n\t\t\t\t<\/div>\n\t\t\t\t<\/div>\n\t\t\t\t\t<\/div>\n\t\t\t\t<\/div>\n\t\t\t\t<\/div>","protected":false},"excerpt":{"rendered":"<p>B5-M \u2013 B25-M DE TRATAMIENTO DE AGUAS RESIDUALES DE LA PLANTA DE https:\/\/lzt.cr\/wp-content\/uploads\/2025\/01\/WhatsApp-Video-2025-01-20-at-14.12.50.mp4 Dispositivo de gama: adecuado para hogares peque\u00f1os y grandes comunidades El LZT B5-M \u2013 B20-M plantas de tratamiento de aguas son una soluci\u00f3n excelente para los m\u00e1s peque\u00f1os de los hogares, las comunidades m\u00e1s grandes, o complejos de apartamentos. Estos dispositivos tambi\u00e9n [&hellip;]<\/p>","protected":false},"author":1,"featured_media":0,"parent":0,"menu_order":0,"comment_status":"closed","ping_status":"closed","template":"","meta":{"footnotes":""},"class_list":["post-2126","page","type-page","status-publish","hentry"],"blocksy_meta":[],"_links":{"self":[{"href":"https:\/\/lzt.cr\/en\/wp-json\/wp\/v2\/pages\/2126","targetHints":{"allow":["GET"]}}],"collection":[{"href":"https:\/\/lzt.cr\/en\/wp-json\/wp\/v2\/pages"}],"about":[{"href":"https:\/\/lzt.cr\/en\/wp-json\/wp\/v2\/types\/page"}],"author":[{"embeddable":true,"href":"https:\/\/lzt.cr\/en\/wp-json\/wp\/v2\/users\/1"}],"replies":[{"embeddable":true,"href":"https:\/\/lzt.cr\/en\/wp-json\/wp\/v2\/comments?post=2126"}],"version-history":[{"count":55,"href":"https:\/\/lzt.cr\/en\/wp-json\/wp\/v2\/pages\/2126\/revisions"}],"predecessor-version":[{"id":2792,"href":"https:\/\/lzt.cr\/en\/wp-json\/wp\/v2\/pages\/2126\/revisions\/2792"}],"wp:attachment":[{"href":"https:\/\/lzt.cr\/en\/wp-json\/wp\/v2\/media?parent=2126"}],"curies":[{"name":"wp","href":"https:\/\/api.w.org\/{rel}","templated":true}]}}