{"id":2114,"date":"2025-01-21T07:14:49","date_gmt":"2025-01-21T07:14:49","guid":{"rendered":"https:\/\/lzt.cr\/?page_id=2114"},"modified":"2025-04-15T11:16:17","modified_gmt":"2025-04-15T11:16:17","slug":"lzt-b5-b50","status":"publish","type":"page","link":"https:\/\/lzt.cr\/en\/lzt-b5-b50\/","title":{"rendered":"LZT B5 &#8211; B50"},"content":{"rendered":"<div data-elementor-type=\"wp-page\" data-elementor-id=\"2114\" class=\"elementor elementor-2114\">\n\t\t\t\t<div class=\"elementor-element elementor-element-ab80999 e-flex e-con-boxed e-con e-parent\" data-id=\"ab80999\" data-element_type=\"container\" data-settings=\"{&quot;background_background&quot;:&quot;classic&quot;}\">\n\t\t\t\t\t<div class=\"e-con-inner\">\n\t\t\t\t<div class=\"elementor-element elementor-element-9bc33c5 elementor-widget elementor-widget-heading\" data-id=\"9bc33c5\" data-element_type=\"widget\" data-widget_type=\"heading.default\">\n\t\t\t\t<div class=\"elementor-widget-container\">\n\t\t\t\t\t<h2 class=\"elementor-heading-title elementor-size-default\">LZT B5\u2013B50<\/h2>\t\t\t\t<\/div>\n\t\t\t\t<\/div>\n\t\t\t\t<div class=\"elementor-element elementor-element-b0697f0 elementor-widget elementor-widget-heading\" data-id=\"b0697f0\" data-element_type=\"widget\" data-widget_type=\"heading.default\">\n\t\t\t\t<div class=\"elementor-widget-container\">\n\t\t\t\t\t<h1 class=\"elementor-heading-title elementor-size-default\">WATER TREATMENT PLANTS<\/h1>\t\t\t\t<\/div>\n\t\t\t\t<\/div>\n\t\t\t\t\t<\/div>\n\t\t\t\t<\/div>\n\t\t<div class=\"elementor-element elementor-element-6693eac e-flex e-con-boxed e-con e-parent\" data-id=\"6693eac\" data-element_type=\"container\">\n\t\t\t\t\t<div class=\"e-con-inner\">\n\t\t<div class=\"elementor-element elementor-element-1d682f3 e-con-full e-flex e-con e-child\" data-id=\"1d682f3\" data-element_type=\"container\">\n\t\t\t\t<div class=\"elementor-element elementor-element-d3fbded elementor-widget elementor-widget-video\" data-id=\"d3fbded\" data-element_type=\"widget\" data-settings=\"{&quot;video_type&quot;:&quot;hosted&quot;,&quot;autoplay&quot;:&quot;yes&quot;,&quot;loop&quot;:&quot;yes&quot;}\" data-widget_type=\"video.default\">\n\t\t\t\t<div class=\"elementor-widget-container\">\n\t\t\t\t\t\t\t<div class=\"e-hosted-video elementor-wrapper elementor-open-inline\">\n\t\t\t\t\t<video class=\"elementor-video\" src=\"https:\/\/lzt.cr\/wp-content\/uploads\/2025\/01\/WhatsApp-Video-2025-01-20-at-14.12.40.mp4\" autoplay=\"\" loop=\"\" controlslist=\"nodownload\"><\/video>\n\t\t\t\t<\/div>\n\t\t\t\t\t\t<\/div>\n\t\t\t\t<\/div>\n\t\t\t\t<\/div>\n\t\t\t\t\t<\/div>\n\t\t\t\t<\/div>\n\t\t<div class=\"elementor-element elementor-element-964095a e-flex e-con-boxed e-con e-parent\" data-id=\"964095a\" data-element_type=\"container\">\n\t\t\t\t\t<div class=\"e-con-inner\">\n\t\t\t\t<div class=\"elementor-element elementor-element-ef2a965 elementor-widget elementor-widget-heading\" data-id=\"ef2a965\" data-element_type=\"widget\" data-widget_type=\"heading.default\">\n\t\t\t\t<div class=\"elementor-widget-container\">\n\t\t\t\t\t<h2 class=\"elementor-heading-title elementor-size-default\">Range of devices: with a capacity of 5 to 50 residents<\/h2>\t\t\t\t<\/div>\n\t\t\t\t<\/div>\n\t\t\t\t\t<\/div>\n\t\t\t\t<\/div>\n\t\t<div class=\"elementor-element elementor-element-0e30cae e-flex e-con-boxed e-con e-parent\" data-id=\"0e30cae\" data-element_type=\"container\">\n\t\t\t\t\t<div class=\"e-con-inner\">\n\t\t\t\t<div class=\"elementor-element elementor-element-896bf77 elementor-widget elementor-widget-text-editor\" data-id=\"896bf77\" data-element_type=\"widget\" data-widget_type=\"text-editor.default\">\n\t\t\t\t<div class=\"elementor-widget-container\">\n\t\t\t\t\t\t\t\t\t<p>LZT a biological wastewater treatment plants B5\u2013B50 are an ideal solution for small families, small communities, neighborhoods or apartment buildings. These devices are also perfectly suited for commercial and administrative buildings, ensuring the efficient and environmentally-friendly wastewater treatment.<\/p><p><b>LZT B5\u2013B50<br \/><\/b>LZT offers practical and reliable wastewater treatment solutions that not only meet the legal requirements, but also to ensure that your wastewater is treated in an environmentally friendly manner. These devices are the perfect choice for those who value high quality, efficiency, and sustainability.<\/p>\t\t\t\t\t\t\t\t<\/div>\n\t\t\t\t<\/div>\n\t\t\t\t\t<\/div>\n\t\t\t\t<\/div>\n\t\t<div class=\"elementor-element elementor-element-70c97a5c e-flex e-con-boxed e-con e-parent\" data-id=\"70c97a5c\" data-element_type=\"container\" data-settings=\"{&quot;background_background&quot;:&quot;classic&quot;}\">\n\t\t\t\t\t<div class=\"e-con-inner\">\n\t\t<div class=\"elementor-element elementor-element-1ffe0313 e-flex e-con-boxed e-con e-child\" data-id=\"1ffe0313\" data-element_type=\"container\">\n\t\t\t\t\t<div class=\"e-con-inner\">\n\t\t<div class=\"elementor-element elementor-element-d7c260d e-con-full e-flex e-con e-child\" data-id=\"d7c260d\" data-element_type=\"container\">\n\t\t\t\t<div class=\"elementor-element elementor-element-298dc618 elementor-widget elementor-widget-text-editor\" data-id=\"298dc618\" data-element_type=\"widget\" data-widget_type=\"text-editor.default\">\n\t\t\t\t<div class=\"elementor-widget-container\">\n\t\t\t\t\t\t\t\t\t<p>LZT B5\u2013B50<\/p>\t\t\t\t\t\t\t\t<\/div>\n\t\t\t\t<\/div>\n\t\t\t\t<div class=\"elementor-element elementor-element-2784ba6e elementor-widget__width-initial elementor-widget elementor-widget-heading\" data-id=\"2784ba6e\" data-element_type=\"widget\" data-widget_type=\"heading.default\">\n\t\t\t\t<div class=\"elementor-widget-container\">\n\t\t\t\t\t<h2 class=\"elementor-heading-title elementor-size-default\">Key Features:<\/h2>\t\t\t\t<\/div>\n\t\t\t\t<\/div>\n\t\t\t\t<div class=\"elementor-element elementor-element-48b2caad elementor-widget elementor-widget-text-editor\" data-id=\"48b2caad\" data-element_type=\"widget\" data-widget_type=\"text-editor.default\">\n\t\t\t\t<div class=\"elementor-widget-container\">\n\t\t\t\t\t\t\t\t\t<p>By the choice of one of the\u00a0<b>LZT B5\u2013B50 models<\/b>that meet the needs of your home or business and contribute to a cleaner environment. These systems provide a high level of wastewater treatment efficiency, benefiting both you and the environment.<\/p>\t\t\t\t\t\t\t\t<\/div>\n\t\t\t\t<\/div>\n\t\t\t\t<div class=\"elementor-element elementor-element-32af586 elementor-widget elementor-widget-button\" data-id=\"32af586\" data-element_type=\"widget\" data-widget_type=\"button.default\">\n\t\t\t\t<div class=\"elementor-widget-container\">\n\t\t\t\t\t\t\t\t\t<div class=\"elementor-button-wrapper\">\n\t\t\t\t\t<a class=\"elementor-button elementor-button-link elementor-size-sm\" href=\"https:\/\/lzt.cr\/en\/contact\/\">\n\t\t\t\t\t\t<span class=\"elementor-button-content-wrapper\">\n\t\t\t\t\t\t\t\t\t<span class=\"elementor-button-text\">Contact us<\/span>\n\t\t\t\t\t<\/span>\n\t\t\t\t\t<\/a>\n\t\t\t\t<\/div>\n\t\t\t\t\t\t\t\t<\/div>\n\t\t\t\t<\/div>\n\t\t\t\t<\/div>\n\t\t<div class=\"elementor-element elementor-element-3874e244 e-con-full e-flex e-con e-child\" data-id=\"3874e244\" data-element_type=\"container\">\n\t\t<div class=\"elementor-element elementor-element-64fd3899 e-con-full e-flex e-con e-child\" data-id=\"64fd3899\" data-element_type=\"container\">\n\t\t<div class=\"elementor-element elementor-element-1853b770 e-con-full e-flex e-con e-child\" data-id=\"1853b770\" data-element_type=\"container\" data-settings=\"{&quot;background_background&quot;:&quot;classic&quot;}\">\n\t\t\t\t<div class=\"elementor-element elementor-element-52ac6a6b elementor-widget elementor-widget-image\" data-id=\"52ac6a6b\" data-element_type=\"widget\" data-widget_type=\"image.default\">\n\t\t\t\t<div class=\"elementor-widget-container\">\n\t\t\t\t\t\t\t\t\t\t\t\t\t\t\t<img decoding=\"async\" src=\"https:\/\/lzt.cr\/wp-content\/uploads\/elementor\/thumbs\/eko-logo-r06nch94lr4rczabgagqrny0q2ddu99wx3krwci5ig.jpeg\" title=\"eko logo\" alt=\"eko logo\" loading=\"lazy\" \/>\t\t\t\t\t\t\t\t\t\t\t\t\t\t\t<\/div>\n\t\t\t\t<\/div>\n\t\t\t\t<div class=\"elementor-element elementor-element-631d5d2d elementor-widget elementor-widget-heading\" data-id=\"631d5d2d\" data-element_type=\"widget\" data-widget_type=\"heading.default\">\n\t\t\t\t<div class=\"elementor-widget-container\">\n\t\t\t\t\t<h5 class=\"elementor-heading-title elementor-size-default\">High Efficiency<\/h5>\t\t\t\t<\/div>\n\t\t\t\t<\/div>\n\t\t\t\t<div class=\"elementor-element elementor-element-72381d3b elementor-widget elementor-widget-text-editor\" data-id=\"72381d3b\" data-element_type=\"widget\" data-widget_type=\"text-editor.default\">\n\t\t\t\t<div class=\"elementor-widget-container\">\n\t\t\t\t\t\t\t\t\t<p>The devices to overcome nitrogen and phosphorus removal standards, ensuring superior wastewater treatment.<\/p>\t\t\t\t\t\t\t\t<\/div>\n\t\t\t\t<\/div>\n\t\t\t\t<\/div>\n\t\t<div class=\"elementor-element elementor-element-1abc0451 e-con-full e-flex e-con e-child\" data-id=\"1abc0451\" data-element_type=\"container\" data-settings=\"{&quot;background_background&quot;:&quot;classic&quot;}\">\n\t\t\t\t<div class=\"elementor-element elementor-element-42d98d5e elementor-widget elementor-widget-image\" data-id=\"42d98d5e\" data-element_type=\"widget\" data-widget_type=\"image.default\">\n\t\t\t\t<div class=\"elementor-widget-container\">\n\t\t\t\t\t\t\t\t\t\t\t\t\t\t\t<img decoding=\"async\" src=\"https:\/\/lzt.cr\/wp-content\/uploads\/elementor\/thumbs\/namo-logo-r06nch94uiw1okx2c2mz6vpoxj7pklx23ght4mllio.jpeg\" title=\"namo logo\" alt=\"namo logo\" loading=\"lazy\" \/>\t\t\t\t\t\t\t\t\t\t\t\t\t\t\t<\/div>\n\t\t\t\t<\/div>\n\t\t\t\t<div class=\"elementor-element elementor-element-787a0c38 elementor-widget elementor-widget-heading\" data-id=\"787a0c38\" data-element_type=\"widget\" data-widget_type=\"heading.default\">\n\t\t\t\t<div class=\"elementor-widget-container\">\n\t\t\t\t\t<h5 class=\"elementor-heading-title elementor-size-default\">Consistent Operation<\/h5>\t\t\t\t<\/div>\n\t\t\t\t<\/div>\n\t\t\t\t<div class=\"elementor-element elementor-element-5ff7e177 elementor-widget elementor-widget-text-editor\" data-id=\"5ff7e177\" data-element_type=\"widget\" data-widget_type=\"text-editor.default\">\n\t\t\t\t<div class=\"elementor-widget-container\">\n\t\t\t\t\t\t\t\t\t<p>LZT B5\u2013B50 ensures stable, the treatment, the adaptation to the variation of wastewater flows.<\/p>\t\t\t\t\t\t\t\t<\/div>\n\t\t\t\t<\/div>\n\t\t\t\t<\/div>\n\t\t\t\t<\/div>\n\t\t\t\t<\/div>\n\t\t<div class=\"elementor-element elementor-element-7e26db0 e-con-full e-flex e-con e-child\" data-id=\"7e26db0\" data-element_type=\"container\">\n\t\t<div class=\"elementor-element elementor-element-5ffc6e5e e-con-full e-flex e-con e-child\" data-id=\"5ffc6e5e\" data-element_type=\"container\">\n\t\t<div class=\"elementor-element elementor-element-e325ff6 e-con-full e-flex e-con e-child\" data-id=\"e325ff6\" data-element_type=\"container\" data-settings=\"{&quot;background_background&quot;:&quot;classic&quot;}\">\n\t\t\t\t<div class=\"elementor-element elementor-element-62b1b2fb elementor-widget elementor-widget-image\" data-id=\"62b1b2fb\" data-element_type=\"widget\" data-widget_type=\"image.default\">\n\t\t\t\t<div class=\"elementor-widget-container\">\n\t\t\t\t\t\t\t\t\t\t\t\t\t\t\t<img decoding=\"async\" src=\"https:\/\/lzt.cr\/wp-content\/uploads\/elementor\/thumbs\/kainos-logo-r06nch94lr4ten0qvwbzmdj0rg7syuh16g4k3n5nf0.jpeg\" title=\"kainos logo\" alt=\"kainos logo\" loading=\"lazy\" \/>\t\t\t\t\t\t\t\t\t\t\t\t\t\t\t<\/div>\n\t\t\t\t<\/div>\n\t\t\t\t<div class=\"elementor-element elementor-element-100bd61 elementor-widget elementor-widget-heading\" data-id=\"100bd61\" data-element_type=\"widget\" data-widget_type=\"heading.default\">\n\t\t\t\t<div class=\"elementor-widget-container\">\n\t\t\t\t\t<h5 class=\"elementor-heading-title elementor-size-default\">Robust Construction<\/h5>\t\t\t\t<\/div>\n\t\t\t\t<\/div>\n\t\t\t\t<div class=\"elementor-element elementor-element-4ef40657 elementor-widget elementor-widget-text-editor\" data-id=\"4ef40657\" data-element_type=\"widget\" data-widget_type=\"text-editor.default\">\n\t\t\t\t<div class=\"elementor-widget-container\">\n\t\t\t\t\t\t\t\t\t<p>High quality materials to ensure durability and reliable performance in difficult conditions.<\/p>\t\t\t\t\t\t\t\t<\/div>\n\t\t\t\t<\/div>\n\t\t\t\t<\/div>\n\t\t<div class=\"elementor-element elementor-element-4a2727a4 e-con-full e-flex e-con e-child\" data-id=\"4a2727a4\" data-element_type=\"container\" data-settings=\"{&quot;background_background&quot;:&quot;classic&quot;}\">\n\t\t\t\t<div class=\"elementor-element elementor-element-6f37af44 elementor-widget elementor-widget-image\" data-id=\"6f37af44\" data-element_type=\"widget\" data-widget_type=\"image.default\">\n\t\t\t\t<div class=\"elementor-widget-container\">\n\t\t\t\t\t\t\t\t\t\t\t\t\t\t\t<img decoding=\"async\" src=\"https:\/\/lzt.cr\/wp-content\/uploads\/elementor\/thumbs\/logo-lengvas-montavimas-r06nch94uiw5rwdx7adgwavp0awjtsbam5ldj7wlbs.jpeg\" title=\"logo lengvas montavimas\" alt=\"logo lengvas montavimas\" loading=\"lazy\" \/>\t\t\t\t\t\t\t\t\t\t\t\t\t\t\t<\/div>\n\t\t\t\t<\/div>\n\t\t\t\t<div class=\"elementor-element elementor-element-531705b0 elementor-widget elementor-widget-heading\" data-id=\"531705b0\" data-element_type=\"widget\" data-widget_type=\"heading.default\">\n\t\t\t\t<div class=\"elementor-widget-container\">\n\t\t\t\t\t<h5 class=\"elementor-heading-title elementor-size-default\">Easy Maintenance<\/h5>\t\t\t\t<\/div>\n\t\t\t\t<\/div>\n\t\t\t\t<div class=\"elementor-element elementor-element-38274c39 elementor-widget elementor-widget-text-editor\" data-id=\"38274c39\" data-element_type=\"widget\" data-widget_type=\"text-editor.default\">\n\t\t\t\t<div class=\"elementor-widget-container\">\n\t\t\t\t\t\t\t\t\t<p>Designed for hassle-free maintenance, with the option of maintenance training available.<\/p>\t\t\t\t\t\t\t\t<\/div>\n\t\t\t\t<\/div>\n\t\t\t\t<\/div>\n\t\t\t\t<\/div>\n\t\t\t\t<\/div>\n\t\t\t\t\t<\/div>\n\t\t\t\t<\/div>\n\t\t\t\t<div class=\"elementor-element elementor-element-fd779c4 elementor-widget elementor-widget-text-editor\" data-id=\"fd779c4\" data-element_type=\"widget\" data-widget_type=\"text-editor.default\">\n\t\t\t\t<div class=\"elementor-widget-container\">\n\t\t\t\t\t\t\t\t\t<h3>Warranty:<\/h3><p>LZT B5\u2013B50 devices come with a\u00a0<b>10-year warranty, while the air pump is covered by a warranty of 2 years<\/b>.<\/p>\t\t\t\t\t\t\t\t<\/div>\n\t\t\t\t<\/div>\n\t\t\t\t\t<\/div>\n\t\t\t\t<\/div>\n\t\t<div class=\"elementor-element elementor-element-b5b08b1 e-flex e-con-boxed e-con e-parent\" data-id=\"b5b08b1\" data-element_type=\"container\">\n\t\t\t\t\t<div class=\"e-con-inner\">\n\t\t<div class=\"elementor-element elementor-element-8ba712d e-con-full e-flex e-con e-child\" data-id=\"8ba712d\" data-element_type=\"container\">\n\t\t\t\t<div class=\"elementor-element elementor-element-6b1666b elementor-widget elementor-widget-image\" data-id=\"6b1666b\" data-element_type=\"widget\" data-widget_type=\"image.default\">\n\t\t\t\t<div class=\"elementor-widget-container\">\n\t\t\t\t\t\t\t\t\t\t\t\t\t\t\t<img fetchpriority=\"high\" decoding=\"async\" width=\"947\" height=\"780\" src=\"https:\/\/lzt.cr\/wp-content\/uploads\/2025\/01\/LZT-B5-B50-atnaujintas-e1737461969590-sumazintas.png\" class=\"attachment-large size-large wp-image-2256\" alt=\"\" srcset=\"https:\/\/lzt.cr\/wp-content\/uploads\/2025\/01\/LZT-B5-B50-atnaujintas-e1737461969590-sumazintas.png 947w, https:\/\/lzt.cr\/wp-content\/uploads\/2025\/01\/LZT-B5-B50-atnaujintas-e1737461969590-sumazintas-300x247.png 300w, https:\/\/lzt.cr\/wp-content\/uploads\/2025\/01\/LZT-B5-B50-atnaujintas-e1737461969590-sumazintas-768x633.png 768w\" sizes=\"(max-width: 947px) 100vw, 947px\" \/>\t\t\t\t\t\t\t\t\t\t\t\t\t\t\t<\/div>\n\t\t\t\t<\/div>\n\t\t\t\t<\/div>\n\t\t<div class=\"elementor-element elementor-element-bfaf910 e-con-full e-flex e-con e-child\" data-id=\"bfaf910\" data-element_type=\"container\">\n\t\t\t\t<div class=\"elementor-element elementor-element-0327f0e elementor-widget elementor-widget-image\" data-id=\"0327f0e\" data-element_type=\"widget\" data-widget_type=\"image.default\">\n\t\t\t\t<div class=\"elementor-widget-container\">\n\t\t\t\t\t\t\t\t\t\t\t\t\t\t\t<img decoding=\"async\" width=\"1017\" height=\"680\" src=\"https:\/\/lzt.cr\/wp-content\/uploads\/2025\/01\/WWTP-LZTB_page-0006-1-e1737461885363.jpg\" class=\"attachment-2048x2048 size-2048x2048 wp-image-2246\" alt=\"\" srcset=\"https:\/\/lzt.cr\/wp-content\/uploads\/2025\/01\/WWTP-LZTB_page-0006-1-e1737461885363.jpg 1017w, https:\/\/lzt.cr\/wp-content\/uploads\/2025\/01\/WWTP-LZTB_page-0006-1-e1737461885363-300x201.jpg 300w, https:\/\/lzt.cr\/wp-content\/uploads\/2025\/01\/WWTP-LZTB_page-0006-1-e1737461885363-768x514.jpg 768w\" sizes=\"(max-width: 1017px) 100vw, 1017px\" \/>\t\t\t\t\t\t\t\t\t\t\t\t\t\t\t<\/div>\n\t\t\t\t<\/div>\n\t\t\t\t<\/div>\n\t\t\t\t\t<\/div>\n\t\t\t\t<\/div>\n\t\t\t\t<\/div>","protected":false},"excerpt":{"rendered":"<p>LZT B5\u2013B50 PLANTAS DE TRATAMIENTO DE AGUAS https:\/\/lzt.cr\/wp-content\/uploads\/2025\/01\/WhatsApp-Video-2025-01-20-at-14.12.40.mp4 Rango de dispositivos: con capacidad para 5 a 50 residentes LZT biol\u00f3gico de aguas residuales plantas de tratamiento de B5\u2013B50 son una soluci\u00f3n ideal para familias peque\u00f1as, peque\u00f1as comunidades, barrios o edificios de apartamentos. Estos dispositivos tambi\u00e9n son perfectamente adecuados para comerciales y edificios administrativos, asegurando la [&hellip;]<\/p>","protected":false},"author":1,"featured_media":0,"parent":0,"menu_order":0,"comment_status":"closed","ping_status":"closed","template":"","meta":{"footnotes":""},"class_list":["post-2114","page","type-page","status-publish","hentry"],"blocksy_meta":[],"_links":{"self":[{"href":"https:\/\/lzt.cr\/en\/wp-json\/wp\/v2\/pages\/2114","targetHints":{"allow":["GET"]}}],"collection":[{"href":"https:\/\/lzt.cr\/en\/wp-json\/wp\/v2\/pages"}],"about":[{"href":"https:\/\/lzt.cr\/en\/wp-json\/wp\/v2\/types\/page"}],"author":[{"embeddable":true,"href":"https:\/\/lzt.cr\/en\/wp-json\/wp\/v2\/users\/1"}],"replies":[{"embeddable":true,"href":"https:\/\/lzt.cr\/en\/wp-json\/wp\/v2\/comments?post=2114"}],"version-history":[{"count":64,"href":"https:\/\/lzt.cr\/en\/wp-json\/wp\/v2\/pages\/2114\/revisions"}],"predecessor-version":[{"id":2789,"href":"https:\/\/lzt.cr\/en\/wp-json\/wp\/v2\/pages\/2114\/revisions\/2789"}],"wp:attachment":[{"href":"https:\/\/lzt.cr\/en\/wp-json\/wp\/v2\/media?parent=2114"}],"curies":[{"name":"wp","href":"https:\/\/api.w.org\/{rel}","templated":true}]}}